{"id":12297,"date":"2022-10-25T10:59:26","date_gmt":"2022-10-25T08:59:26","guid":{"rendered":"https:\/\/www.racc.es\/microsites\/?page_id=12297"},"modified":"2025-12-16T12:08:56","modified_gmt":"2025-12-16T11:08:56","slug":"atlantismoto","status":"publish","type":"page","link":"https:\/\/www.racc.es\/microsites\/atlantismoto\/","title":{"rendered":"Atlantis Moto"},"content":{"rendered":"<p><div class=\"fusion-fullwidth fullwidth-box fusion-builder-row-1 fusion-flex-container nonhundred-percent-fullwidth non-hundred-percent-height-scrolling\" style=\"--awb-border-sizes-top:0px;--awb-border-sizes-bottom:0px;--awb-border-radius-top-left:0px;--awb-border-radius-top-right:0px;--awb-border-radius-bottom-right:0px;--awb-border-radius-bottom-left:0px;--awb-padding-top:0px;--awb-padding-bottom:0px;--awb-margin-top:40px;--awb-margin-bottom:0px;\" ><div class=\"fusion-builder-row fusion-row fusion-flex-align-items-stretch fusion-flex-justify-content-space-evenly\" style=\"max-width:1144px;margin-left: calc(-4% \/ 2 );margin-right: calc(-4% \/ 2 );\"><div class=\"fusion-layout-column fusion_builder_column fusion-builder-column-0 fusion_builder_column_1_2 1_2 fusion-flex-column\" style=\"--awb-bg-size:cover;--awb-width-large:50%;--awb-spacing-right-large:3.84%;--awb-spacing-left-large:3.84%;--awb-width-medium:100%;--awb-order-medium:0;--awb-spacing-right-medium:1.92%;--awb-spacing-left-medium:1.92%;--awb-width-small:100%;--awb-order-small:0;--awb-spacing-right-small:1.92%;--awb-spacing-left-small:1.92%;\"><div class=\"fusion-column-wrapper fusion-column-has-shadow fusion-flex-justify-content-flex-start fusion-content-layout-column\"><div class=\"fusion-image-element \" style=\"text-align:center;--awb-max-width:400px;\"><span class=\" fusion-imageframe imageframe-none imageframe-1 hover-type-none\"><img decoding=\"async\" width=\"533\" height=\"108\" title=\"atlantismoto\" src=\"https:\/\/www.racc.es\/wp-content\/microsites\/wp-content\/uploads\/2022\/10\/atlantismoto.png\" alt class=\"img-responsive wp-image-12299\" srcset=\"https:\/\/www.racc.es\/wp-content\/microsites\/wp-content\/uploads\/2022\/10\/atlantismoto-200x41.png 200w, https:\/\/www.racc.es\/wp-content\/microsites\/wp-content\/uploads\/2022\/10\/atlantismoto-400x81.png 400w, https:\/\/www.racc.es\/wp-content\/microsites\/wp-content\/uploads\/2022\/10\/atlantismoto.png 533w\" sizes=\"(max-width: 1024px) 100vw, (max-width: 640px) 100vw, 533px\" \/><\/span><\/div><\/div><\/div><\/div><\/div><div class=\"fusion-fullwidth fullwidth-box fusion-builder-row-2 fusion-flex-container nonhundred-percent-fullwidth non-hundred-percent-height-scrolling\" style=\"--awb-border-radius-top-left:0px;--awb-border-radius-top-right:0px;--awb-border-radius-bottom-right:0px;--awb-border-radius-bottom-left:0px;\" ><div class=\"fusion-builder-row fusion-row fusion-flex-align-items-flex-start\" style=\"max-width:1144px;margin-left: calc(-4% \/ 2 );margin-right: calc(-4% \/ 2 );\"><div class=\"fusion-layout-column fusion_builder_column fusion-builder-column-1 fusion_builder_column_1_1 1_1 fusion-flex-column\" style=\"--awb-bg-size:cover;--awb-width-large:100%;--awb-spacing-right-large:1.92%;--awb-spacing-left-large:1.92%;--awb-width-medium:100%;--awb-order-medium:0;--awb-spacing-right-medium:1.92%;--awb-spacing-left-medium:1.92%;--awb-width-small:100%;--awb-order-small:0;--awb-spacing-right-small:1.92%;--awb-spacing-left-small:1.92%;\"><div class=\"fusion-column-wrapper fusion-column-has-shadow fusion-flex-justify-content-flex-start fusion-content-layout-column\"><div class=\"fusion-text fusion-text-1\"><p style=\"text-align: center; font-size: 18pt;\"><strong>\u00bfTienes un Atlantis Moto y una suscripci\u00f3n activa?<br \/>\nEnhorabuena, te obsequiamos con <a href=\"https:\/\/www.racc.es\/docs\/prestaciones-asistencia-moto\" target=\"_blank\" rel=\"noopener noreferrer\">RACC Moto<\/a>, la asistencia m\u00e1s completa que te protege en cualquier moto que vayas. Despu\u00e9s del primer a\u00f1o totalmente gratis, desde el RACC renovaremos tu suscripci\u00f3n por tan solo 102\u20ac al a\u00f1o.<\/strong><\/p>\n<p style=\"text-align: center; font-size: 10pt;\"><em>* Condiciones de la promoci\u00f3n: Promo v\u00e1lida solo para clientes de Atlantis Moto. Si verificamos que Vd. no es cliente de Atlantis Moto no podremos gestionar su alta como socio RACC MOTO. La presente promoci\u00f3n no ser\u00e1 de aplicaci\u00f3n si Vd. ya es socio del RACC en cualquiera de sus modalidades. No se abonar\u00e1n cuotas ya pagadas por socios ya vigentes.<\/em><\/p>\n<\/div><\/div><\/div><\/div><\/div><div class=\"fusion-fullwidth fullwidth-box fusion-builder-row-3 nonhundred-percent-fullwidth non-hundred-percent-height-scrolling\" style=\"--awb-border-radius-top-left:0px;--awb-border-radius-top-right:0px;--awb-border-radius-bottom-right:0px;--awb-border-radius-bottom-left:0px;--awb-background-color:#ffffff;\" ><div class=\"fusion-builder-row fusion-row\"><div class=\"fusion-layout-column fusion_builder_column fusion-builder-column-2 fusion_builder_column_1_5 1_5 fusion-one-fifth fusion-column-first\" style=\"--awb-bg-size:cover;width:20%;width:calc(20% - ( ( 4% + 4% ) * 0.2 ) );margin-right: 4%;\"><div class=\"fusion-column-wrapper fusion-column-has-shadow fusion-flex-column-wrapper-legacy\"><div class=\"fusion-clearfix\"><\/div><\/div><\/div><div class=\"fusion-layout-column fusion_builder_column fusion-builder-column-3 fusion_builder_column_3_5 3_5 fusion-three-fifth\" style=\"--awb-padding-top:20px;--awb-padding-right:20px;--awb-padding-bottom:20px;--awb-padding-left:20px;--awb-overflow:hidden;--awb-bg-color:#f2f2f2;--awb-bg-size:cover;--awb-box-shadow:2px 2px 10px 0px #828282;;--awb-border-radius:10px 10px 10px 10px;width:60%;width:calc(60% - ( ( 4% + 4% ) * 0.6 ) );margin-right: 4%;\"><div class=\"fusion-column-wrapper fusion-column-has-shadow fusion-flex-column-wrapper-legacy\"><div class=\"fusion-text fusion-text-2\"><div id=\"element-501\" class=\"widget item-absolute headline \" data-at=\"headline\">\n<div class=\"contents\">\n<h3 class=\"x_446dab97 x_05b72d8a\" style=\"text-align: center;\"><strong><span class=\"x_7b2817bf\">\u00a1Date de alta en RACC!<\/span><\/strong><\/h3>\n<\/div>\n<\/div>\n<\/div><div class=\"fusion-clearfix\"><\/div><\/div><\/div><div class=\"fusion-layout-column fusion_builder_column fusion-builder-column-4 fusion_builder_column_1_5 1_5 fusion-one-fifth fusion-column-last\" style=\"--awb-bg-size:cover;width:20%;width:calc(20% - ( ( 4% + 4% ) * 0.2 ) );\"><div class=\"fusion-column-wrapper fusion-column-has-shadow fusion-flex-column-wrapper-legacy\"><div class=\"fusion-clearfix\"><\/div><\/div><\/div><\/div><\/div><\/p>\n","protected":false},"excerpt":{"rendered":"","protected":false},"author":16,"featured_media":0,"parent":0,"menu_order":0,"comment_status":"closed","ping_status":"closed","template":"100-width.php","meta":{"footnotes":""},"wf_page_folders":[],"class_list":["post-12297","page","type-page","status-publish","hentry"],"_links":{"self":[{"href":"https:\/\/racc.es\/microsites\/wp-json\/wp\/v2\/pages\/12297","targetHints":{"allow":["GET"]}}],"collection":[{"href":"https:\/\/racc.es\/microsites\/wp-json\/wp\/v2\/pages"}],"about":[{"href":"https:\/\/racc.es\/microsites\/wp-json\/wp\/v2\/types\/page"}],"author":[{"embeddable":true,"href":"https:\/\/racc.es\/microsites\/wp-json\/wp\/v2\/users\/16"}],"replies":[{"embeddable":true,"href":"https:\/\/racc.es\/microsites\/wp-json\/wp\/v2\/comments?post=12297"}],"version-history":[{"count":1,"href":"https:\/\/racc.es\/microsites\/wp-json\/wp\/v2\/pages\/12297\/revisions"}],"predecessor-version":[{"id":12977,"href":"https:\/\/racc.es\/microsites\/wp-json\/wp\/v2\/pages\/12297\/revisions\/12977"}],"wp:attachment":[{"href":"https:\/\/racc.es\/microsites\/wp-json\/wp\/v2\/media?parent=12297"}],"wp:term":[{"taxonomy":"wf_page_folders","embeddable":true,"href":"https:\/\/racc.es\/microsites\/wp-json\/wp\/v2\/wf_page_folders?post=12297"}],"curies":[{"name":"wp","href":"https:\/\/api.w.org\/{rel}","templated":true}]}}